{"id":507,"date":"2025-02-25T10:33:56","date_gmt":"2025-02-25T10:33:56","guid":{"rendered":"https:\/\/www.sjosidanfalun.se\/?page_id=507"},"modified":"2025-02-26T10:02:13","modified_gmt":"2025-02-26T10:02:13","slug":"about","status":"publish","type":"page","link":"https:\/\/www.sjosidanfalun.se\/en\/about\/","title":{"rendered":"ABOUT SJ\u00d6SIDAN FALUN"},"content":{"rendered":"<p>[et_pb_section fb_built=&#8221;1&#8243; _builder_version=&#8221;4.27.4&#8243; _module_preset=&#8221;default&#8221; background_image=&#8221;https:\/\/www.sjosidanfalun.se\/wp-content\/uploads\/2025\/02\/Villa_Herdin_top_1920x850px.webp&#8221; min_height=&#8221;700px&#8221; min_height_tablet=&#8221;700px&#8221; min_height_phone=&#8221;400px&#8221; min_height_last_edited=&#8221;on|phone&#8221; custom_padding=&#8221;0px|||||&#8221; background_last_edited=&#8221;on|phone&#8221; background_position_phone=&#8221;center_right&#8221; background_horizontal_offset_phone=&#8221;30%&#8221; background_vertical_offset_phone=&#8221;-15%&#8221; saved_tabs=&#8221;all&#8221; global_colors_info=&#8221;{}&#8221;][et_pb_row _builder_version=&#8221;4.27.4&#8243; _module_preset=&#8221;default&#8221; max_width=&#8221;1500px&#8221; custom_margin=&#8221;-1px||||false|false&#8221; custom_padding=&#8221;0px||||false|false&#8221; global_colors_info=&#8221;{}&#8221;][et_pb_column type=&#8221;4_4&#8243; _builder_version=&#8221;4.27.4&#8243; _module_preset=&#8221;default&#8221; global_colors_info=&#8221;{}&#8221;][et_pb_image src=&#8221;https:\/\/www.sjosidanfalun.se\/wp-content\/uploads\/2025\/02\/sjosidan_falun.png&#8221; title_text=&#8221;sjosidan_falun&#8221; _builder_version=&#8221;4.27.4&#8243; _module_preset=&#8221;default&#8221; max_width_tablet=&#8221;&#8221; max_width_phone=&#8221;30%&#8221; max_width_last_edited=&#8221;on|phone&#8221; global_colors_info=&#8221;{}&#8221;][\/et_pb_image][\/et_pb_column][\/et_pb_row][\/et_pb_section][et_pb_section fb_built=&#8221;1&#8243; _builder_version=&#8221;4.27.4&#8243; _module_preset=&#8221;default&#8221; z_index=&#8221;20&#8243; custom_margin=&#8221;||0px||false|false&#8221; custom_padding=&#8221;0px||0px||false|false&#8221; global_colors_info=&#8221;{}&#8221;][et_pb_row _builder_version=&#8221;4.27.4&#8243; _module_preset=&#8221;default&#8221; background_color=&#8221;#FFFFFF&#8221; transform_translate=&#8221;0px|-100px&#8221; transform_translate_linked=&#8221;off&#8221; z_index=&#8221;50&#8243; width_tablet=&#8221;&#8221; width_phone=&#8221;90%&#8221; width_last_edited=&#8221;on|phone&#8221; saved_tabs=&#8221;all&#8221; global_colors_info=&#8221;{}&#8221;][et_pb_column type=&#8221;4_4&#8243; _builder_version=&#8221;4.27.4&#8243; _module_preset=&#8221;default&#8221; global_colors_info=&#8221;{}&#8221;][et_pb_text _builder_version=&#8221;4.27.4&#8243; _module_preset=&#8221;default&#8221; header_font=&#8221;Oswald|||on|||||&#8221; header_text_color=&#8221;#009FE3&#8243; header_font_size=&#8221;40px&#8221; header_2_font_size=&#8221;48px&#8221; header_2_line_height=&#8221;1.5em&#8221; width=&#8221;80%&#8221; width_tablet=&#8221;80%&#8221; width_phone=&#8221;90%&#8221; width_last_edited=&#8221;on|phone&#8221; module_alignment=&#8221;center&#8221; hover_enabled=&#8221;0&#8243; header_font_size_tablet=&#8221;40px&#8221; header_font_size_phone=&#8221;25px&#8221; header_font_size_last_edited=&#8221;on|phone&#8221; header_2_font_size_tablet=&#8221;48px&#8221; header_2_font_size_phone=&#8221;30px&#8221; header_2_font_size_last_edited=&#8221;on|phone&#8221; global_colors_info=&#8221;{}&#8221; sticky_enabled=&#8221;0&#8243;]<\/p>\n<h1 style=\"text-align: center;\">about sj\u00f6sidan falun<\/h1>\n<h2 style=\"text-align: center;\">We are developing Sj\u00f6sidan Falun \u2013 do you want to be part of it?<\/h2>\n<p>[\/et_pb_text][\/et_pb_column][\/et_pb_row][et_pb_row _builder_version=&#8221;4.27.4&#8243; _module_preset=&#8221;default&#8221; transform_translate=&#8221;0px|-100px&#8221; transform_translate_linked=&#8221;off&#8221; global_colors_info=&#8221;{}&#8221;][et_pb_column type=&#8221;4_4&#8243; _builder_version=&#8221;4.27.4&#8243; _module_preset=&#8221;default&#8221; global_colors_info=&#8221;{}&#8221;][et_pb_text _builder_version=&#8221;4.27.4&#8243; _module_preset=&#8221;default&#8221; width=&#8221;80%&#8221; width_tablet=&#8221;80%&#8221; width_phone=&#8221;90%&#8221; width_last_edited=&#8221;on|phone&#8221; module_alignment=&#8221;center&#8221; custom_margin=&#8221;||20px|||&#8221; hover_enabled=&#8221;0&#8243; text_font_size_tablet=&#8221;&#8221; text_font_size_phone=&#8221;&#8221; text_font_size_last_edited=&#8221;on|phone&#8221; global_colors_info=&#8221;{}&#8221; sticky_enabled=&#8221;0&#8243;]<\/p>\n<p data-start=\"0\" data-end=\"174\">Sj\u00f6sidan Falun is a fantastic destination that attracts visitors all year round \u2013 we are working to make Sj\u00f6sidan Falun a boundary-crossing place for meaningful encounters.<\/p>\n<p data-start=\"176\" data-end=\"507\">Sj\u00f6sidan Falun is located on Fr\u00e4mby Udde by Lake Runn, just four kilometers from central Falun. In winter, Runn offers wonderful ice-skating opportunities, while summer is filled with boating, kayaking, swimming, and sunbathing. Here, you\u2019ll find a creative and inspiring environment, perfect for new meetings and new adventures.<\/p>\n<p data-start=\"509\" data-end=\"807\">The heart of the area is Villa Herdin, a grand merchant\u2019s villa from the late 19th century. It was built as a summer residence for businessman Oscar Herdin and his wife Olga. The couple hosted many gatherings here, with frequent guests including the renowned artist couple Carl and Karin Larsson.<\/p>\n<p data-start=\"809\" data-end=\"992\">At Sj\u00f6sidan Falun, we are creating a unique atmosphere where history meets the present, and people meet each other. Some stay for a few days, combining outdoor activities with work.<\/p>\n<p data-start=\"994\" data-end=\"1323\">Others come for ice skating and happen to meet people who later become friends and business partners. Some choose to work here and find an inner sense of calm, while others find the love of their life. This is exactly what we envision for Sj\u00f6sidan Falun \u2013 a place like no other, a place that profoundly impacts those who visit.<\/p>\n<p>[\/et_pb_text][et_pb_image src=&#8221;https:\/\/www.sjosidanfalun.se\/wp-content\/uploads\/2025\/02\/Framby-Oversikt-1.jpg&#8221; alt=&#8221;Om sj\u00f6sidan Falun &#8211; \u00f6versiktsbild&#8221; title_text=&#8221;Fr\u00e4mby \u00d6versikt 1&#8243; _builder_version=&#8221;4.27.4&#8243; _module_preset=&#8221;default&#8221; max_width=&#8221;80%&#8221; module_alignment=&#8221;center&#8221; global_colors_info=&#8221;{}&#8221;][\/et_pb_image][\/et_pb_column][\/et_pb_row][\/et_pb_section][et_pb_section fb_built=&#8221;1&#8243; _builder_version=&#8221;4.27.4&#8243; _module_preset=&#8221;default&#8221; custom_padding=&#8221;2px||0px|||&#8221; global_module=&#8221;748&#8243; saved_tabs=&#8221;all&#8221; global_colors_info=&#8221;{}&#8221;][et_pb_row _builder_version=&#8221;4.27.4&#8243; _module_preset=&#8221;default&#8221; global_colors_info=&#8221;{}&#8221;][et_pb_column type=&#8221;4_4&#8243; _builder_version=&#8221;4.27.4&#8243; _module_preset=&#8221;default&#8221; global_colors_info=&#8221;{}&#8221;][et_pb_divider color=&#8221;#969696&#8243; _builder_version=&#8221;4.27.4&#8243; _module_preset=&#8221;default&#8221; global_colors_info=&#8221;{}&#8221;][\/et_pb_divider][et_pb_image src=&#8221;https:\/\/www.sjosidanfalun.se\/wp-content\/uploads\/2025\/02\/Logotyp_Sj_sidan_Falun_Liggande.png&#8221; title_text=&#8221;Logotyp_Sj_sidan_Falun_Liggande&#8221; align=&#8221;center&#8221; _builder_version=&#8221;4.27.4&#8243; _module_preset=&#8221;default&#8221; global_colors_info=&#8221;{}&#8221;][\/et_pb_image][et_pb_text _builder_version=&#8221;4.27.4&#8243; _module_preset=&#8221;default&#8221; text_font=&#8221;Oswald|300||on|||||&#8221; text_text_color=&#8221;#000000&#8243; text_font_size=&#8221;18px&#8221; link_text_color=&#8221;#009FE3&#8243; global_colors_info=&#8221;{}&#8221;]<\/p>\n<p style=\"text-align: center;\">Adress Fr\u00e4mby Udde 20, FALUN<\/p>\n<p>[\/et_pb_text][et_pb_divider color=&#8221;#969696&#8243; _builder_version=&#8221;4.27.4&#8243; _module_preset=&#8221;default&#8221; global_colors_info=&#8221;{}&#8221;][\/et_pb_divider][et_pb_text _builder_version=&#8221;4.27.4&#8243; _module_preset=&#8221;default&#8221; global_colors_info=&#8221;{}&#8221;]<\/p>\n<h2 style=\"text-align: center;\">We are Sj\u00f6sidan Falun<\/h2>\n<p>[\/et_pb_text][\/et_pb_column][\/et_pb_row][et_pb_row column_structure=&#8221;1_4,1_4,1_4,1_4&#8243; _builder_version=&#8221;4.27.4&#8243; _module_preset=&#8221;default&#8221; global_colors_info=&#8221;{}&#8221;][et_pb_column type=&#8221;1_4&#8243; _builder_version=&#8221;4.27.4&#8243; _module_preset=&#8221;default&#8221; global_colors_info=&#8221;{}&#8221;][et_pb_text _builder_version=&#8221;4.27.4&#8243; _module_preset=&#8221;default&#8221; text_font=&#8221;Oswald|300|||||||&#8221; text_font_size=&#8221;18px&#8221; header_3_font=&#8221;Oswald|||on|||||&#8221; header_3_font_size=&#8221;20px&#8221; global_colors_info=&#8221;{}&#8221;]<\/p>\n<h3 style=\"text-align: center;\">Villa herdin<\/h3>\n<p style=\"text-align: center;\"><span>Meetings,<\/span><br \/><span>caf\u00e9 &amp; restaurant<\/span><br \/><a href=\"mailto:info@villaherdin.se\">info@villaherdin.se<\/a><\/p>\n<p>[\/et_pb_text][\/et_pb_column][et_pb_column type=&#8221;1_4&#8243; _builder_version=&#8221;4.27.4&#8243; _module_preset=&#8221;default&#8221; global_colors_info=&#8221;{}&#8221;][et_pb_text _builder_version=&#8221;4.27.4&#8243; _module_preset=&#8221;default&#8221; text_font=&#8221;Oswald|300|||||||&#8221; text_font_size=&#8221;18px&#8221; header_3_font=&#8221;Oswald|||on|||||&#8221; header_3_font_size=&#8221;20px&#8221; global_colors_info=&#8221;{}&#8221;]<\/p>\n<h3 style=\"text-align: center;\">Sj\u00f6sidan Falun brygga<\/h3>\n<p style=\"text-align: center;\">Boating place Sj\u00f6sidan Falun<br \/><a href=\"mailto:brygga@sjosidanfalun.se\">brygga@sjosidanfalun.se<\/a><\/p>\n<p>[\/et_pb_text][\/et_pb_column][et_pb_column type=&#8221;1_4&#8243; _builder_version=&#8221;4.27.4&#8243; _module_preset=&#8221;default&#8221; global_colors_info=&#8221;{}&#8221;][et_pb_text _builder_version=&#8221;4.27.4&#8243; _module_preset=&#8221;default&#8221; text_font=&#8221;Oswald|300|||||||&#8221; text_font_size=&#8221;18px&#8221; header_3_font=&#8221;Oswald|||on|||||&#8221; header_3_font_size=&#8221;20px&#8221; global_colors_info=&#8221;{}&#8221;]<\/p>\n<h3 style=\"text-align: center;\">Falun strandby<\/h3>\n<p style=\"text-align: center;\">Cottages &amp; Camping<br \/><a href=\"mailto:info@falunstrandby.se\">info@falunstrandby.se<\/a><\/p>\n<p>[\/et_pb_text][\/et_pb_column][et_pb_column type=&#8221;1_4&#8243; _builder_version=&#8221;4.27.4&#8243; _module_preset=&#8221;default&#8221; global_colors_info=&#8221;{}&#8221;][et_pb_text _builder_version=&#8221;4.27.4&#8243; _module_preset=&#8221;default&#8221; text_font=&#8221;Oswald|300|||||||&#8221; text_font_size=&#8221;18px&#8221; header_3_font=&#8221;Oswald|||on|||||&#8221; header_3_font_size=&#8221;20px&#8221; global_colors_info=&#8221;{}&#8221;]<\/p>\n<h3 style=\"text-align: center;\">Sj\u00f6sidan Falun<\/h3>\n<p style=\"text-align: center;\">Development &amp; Vision work<br \/><a href=\"mailto:info@sjosidanfalun.se\">info@sjosidanfalun.se<\/a><\/p>\n<p>[\/et_pb_text][\/et_pb_column][\/et_pb_row][et_pb_row _builder_version=&#8221;4.27.4&#8243; _module_preset=&#8221;default&#8221; global_colors_info=&#8221;{}&#8221;][et_pb_column type=&#8221;4_4&#8243; _builder_version=&#8221;4.27.4&#8243; _module_preset=&#8221;default&#8221; global_colors_info=&#8221;{}&#8221;][et_pb_social_media_follow use_icon_font_size=&#8221;on&#8221; icon_font_size=&#8221;40px&#8221; _builder_version=&#8221;4.27.4&#8243; _module_preset=&#8221;default&#8221; text_orientation=&#8221;center&#8221; border_radii=&#8221;on|100px|100px|100px|100px&#8221; global_colors_info=&#8221;{}&#8221;][et_pb_social_media_follow_network social_network=&#8221;facebook&#8221; url=&#8221;https:\/\/www.facebook.com\/sjosidanfalun&#8221; _builder_version=&#8221;4.27.4&#8243; _module_preset=&#8221;default&#8221; background_color=&#8221;#252A2C&#8221; background_enable_color=&#8221;on&#8221; global_colors_info=&#8221;{}&#8221; follow_button=&#8221;off&#8221; url_new_window=&#8221;on&#8221;]facebook[\/et_pb_social_media_follow_network][et_pb_social_media_follow_network social_network=&#8221;instagram&#8221; url=&#8221;https:\/\/www.instagram.com\/sjosidanfalun\/&#8221; _builder_version=&#8221;4.27.4&#8243; _module_preset=&#8221;default&#8221; background_color=&#8221;#252A2C&#8221; background_enable_color=&#8221;on&#8221; global_colors_info=&#8221;{}&#8221; follow_button=&#8221;off&#8221; url_new_window=&#8221;on&#8221;]instagram[\/et_pb_social_media_follow_network][\/et_pb_social_media_follow][\/et_pb_column][\/et_pb_row][\/et_pb_section]<\/p>\n","protected":false},"excerpt":{"rendered":"<p>about sj\u00f6sidan falun We are developing Sj\u00f6sidan Falun \u2013 do you want to be part of it?Sj\u00f6sidan Falun is a fantastic destination that attracts visitors all year round \u2013 we are working to make Sj\u00f6sidan Falun a boundary-crossing place for meaningful encounters. Sj\u00f6sidan Falun is located on Fr\u00e4mby Udde by Lake Runn, just four kilometers [&hellip;]<\/p>\n","protected":false},"author":1,"featured_media":0,"parent":0,"menu_order":0,"comment_status":"closed","ping_status":"closed","template":"","meta":{"_et_pb_use_builder":"on","_et_pb_old_content":"","_et_gb_content_width":"","footnotes":""},"class_list":["post-507","page","type-page","status-publish","hentry"],"_links":{"self":[{"href":"https:\/\/www.sjosidanfalun.se\/en\/wp-json\/wp\/v2\/pages\/507","targetHints":{"allow":["GET"]}}],"collection":[{"href":"https:\/\/www.sjosidanfalun.se\/en\/wp-json\/wp\/v2\/pages"}],"about":[{"href":"https:\/\/www.sjosidanfalun.se\/en\/wp-json\/wp\/v2\/types\/page"}],"author":[{"embeddable":true,"href":"https:\/\/www.sjosidanfalun.se\/en\/wp-json\/wp\/v2\/users\/1"}],"replies":[{"embeddable":true,"href":"https:\/\/www.sjosidanfalun.se\/en\/wp-json\/wp\/v2\/comments?post=507"}],"version-history":[{"count":5,"href":"https:\/\/www.sjosidanfalun.se\/en\/wp-json\/wp\/v2\/pages\/507\/revisions"}],"predecessor-version":[{"id":826,"href":"https:\/\/www.sjosidanfalun.se\/en\/wp-json\/wp\/v2\/pages\/507\/revisions\/826"}],"wp:attachment":[{"href":"https:\/\/www.sjosidanfalun.se\/en\/wp-json\/wp\/v2\/media?parent=507"}],"curies":[{"name":"wp","href":"https:\/\/api.w.org\/{rel}","templated":true}]}}